{"id":27,"date":"2025-11-19T17:38:10","date_gmt":"2025-11-19T16:38:10","guid":{"rendered":"https:\/\/laboratoriositioweb.com.ar\/?page_id=27"},"modified":"2026-03-11T16:44:38","modified_gmt":"2026-03-11T15:44:38","slug":"sustainability","status":"publish","type":"page","link":"https:\/\/vinesresortandspa.com\/pt\/sustainability\/","title":{"rendered":"Sustentabilidade"},"content":{"rendered":"<div data-elementor-type=\"wp-page\" data-elementor-id=\"27\" class=\"elementor elementor-27\" data-elementor-post-type=\"page\">\n\t\t\t\t<div class=\"elementor-element elementor-element-ad153c9 e-con-full e-flex e-con e-parent\" data-id=\"ad153c9\" data-element_type=\"container\" data-e-type=\"container\" data-settings=\"{&quot;background_background&quot;:&quot;classic&quot;}\">\n\t\t\t\t<\/div>\n\t\t<div class=\"elementor-element elementor-element-c98c091 e-con-full e-flex e-con e-parent\" data-id=\"c98c091\" data-element_type=\"container\" data-e-type=\"container\" data-settings=\"{&quot;background_background&quot;:&quot;classic&quot;}\">\n\t\t<div class=\"elementor-element elementor-element-493e027 e-flex e-con-boxed e-con e-child\" data-id=\"493e027\" data-element_type=\"container\" data-e-type=\"container\">\n\t\t\t\t\t<div class=\"e-con-inner\">\n\t\t\t\t<div class=\"elementor-element elementor-element-52ab21a elementor-widget elementor-widget-heading\" data-id=\"52ab21a\" data-element_type=\"widget\" data-e-type=\"widget\" data-widget_type=\"heading.default\">\n\t\t\t\t\t<h1 class=\"elementor-heading-title elementor-size-default\">Comunidade\n<\/h1>\t\t\t\t<\/div>\n\t\t\t\t<div class=\"elementor-element elementor-element-568cb49 elementor-widget-divider--view-line elementor-widget elementor-widget-divider\" data-id=\"568cb49\" data-element_type=\"widget\" data-e-type=\"widget\" data-widget_type=\"divider.default\">\n\t\t\t\t\t\t\t<div class=\"elementor-divider\">\n\t\t\t<span class=\"elementor-divider-separator\">\n\t\t\t\t\t\t<\/span>\n\t\t<\/div>\n\t\t\t\t\t\t<\/div>\n\t\t\t\t<div class=\"elementor-element elementor-element-d239bfa elementor-widget elementor-widget-text-editor\" data-id=\"d239bfa\" data-element_type=\"widget\" data-e-type=\"widget\" data-widget_type=\"text-editor.default\">\n\t\t\t\t\t\t\t\t\t<p>A Funda\u00e7\u00e3o The Vines, em parceria com o The Vines Resort &amp; Spa, compromete-se com a comunidade local para promover mudan\u00e7as positivas e estimular o desenvolvimento sustent\u00e1vel no Valle de Uco. Nossos esfor\u00e7os est\u00e3o focados em financiar projetos comunit\u00e1rios, melhorar programas educacionais, apoiar iniciativas de sa\u00fade e desenvolver a\u00e7\u00f5es que contribuam para o bem-estar da popula\u00e7\u00e3o local.<\/p>\t\t\t\t\t\t\t\t<\/div>\n\t\t\t\t\t<\/div>\n\t\t\t\t<\/div>\n\t\t\t\t<\/div>\n\t\t<div class=\"elementor-element elementor-element-2ced965 e-con-full e-flex e-con e-parent\" data-id=\"2ced965\" data-element_type=\"container\" data-e-type=\"container\" data-settings=\"{&quot;background_background&quot;:&quot;classic&quot;}\">\n\t\t<div class=\"elementor-element elementor-element-6b59dc0 e-flex e-con-boxed e-con e-child\" data-id=\"6b59dc0\" data-element_type=\"container\" data-e-type=\"container\">\n\t\t\t\t\t<div class=\"e-con-inner\">\n\t\t\t\t<div class=\"elementor-element elementor-element-f626316 elementor-widget elementor-widget-heading\" data-id=\"f626316\" data-element_type=\"widget\" data-e-type=\"widget\" data-widget_type=\"heading.default\">\n\t\t\t\t\t<h1 class=\"elementor-heading-title elementor-size-default\">Refeit\u00f3rio e abrigo de c\u00e3es\n<\/h1>\t\t\t\t<\/div>\n\t\t\t\t<div class=\"elementor-element elementor-element-0375893 elementor-widget-divider--view-line elementor-widget elementor-widget-divider\" data-id=\"0375893\" data-element_type=\"widget\" data-e-type=\"widget\" data-widget_type=\"divider.default\">\n\t\t\t\t\t\t\t<div class=\"elementor-divider\">\n\t\t\t<span class=\"elementor-divider-separator\">\n\t\t\t\t\t\t<\/span>\n\t\t<\/div>\n\t\t\t\t\t\t<\/div>\n\t\t\t\t<div class=\"elementor-element elementor-element-ce0a7c7 elementor-widget elementor-widget-text-editor\" data-id=\"ce0a7c7\" data-element_type=\"widget\" data-e-type=\"widget\" data-widget_type=\"text-editor.default\">\n\t\t\t\t\t\t\t\t\t<p>Atrav\u00e9s da Funda\u00e7\u00e3o The Vines, o objetivo \u00e9 apoiar a comunidade de Tunuy\u00e1n, cidade que acolhe o resort. A funda\u00e7\u00e3o fornece refei\u00e7\u00f5es e suporte nutricional a fam\u00edlias carentes, promovendo uma alimenta\u00e7\u00e3o saud\u00e1vel. Al\u00e9m disso, o abrigo de c\u00e3es oferece um ambiente seguro com assist\u00eancia veterin\u00e1ria (incluindo uma unidade m\u00f3vel para castra\u00e7\u00e3o\/esteriliza\u00e7\u00e3o) e oportunidades de ado\u00e7\u00e3o para c\u00e3es abandonados.<\/p>\t\t\t\t\t\t\t\t<\/div>\n\t\t<div class=\"elementor-element elementor-element-5b04a59 e-con-full e-flex e-con e-child\" data-id=\"5b04a59\" data-element_type=\"container\" data-e-type=\"container\">\n\t\t<div class=\"elementor-element elementor-element-68991c7 e-con-full e-flex e-con e-child\" data-id=\"68991c7\" data-element_type=\"container\" data-e-type=\"container\">\n\t\t\t\t<div class=\"elementor-element elementor-element-8d395d3 elementor-widget elementor-widget-image\" data-id=\"8d395d3\" data-element_type=\"widget\" data-e-type=\"widget\" data-widget_type=\"image.default\">\n\t\t\t\t\t\t\t\t\t\t\t\t\t\t\t<img fetchpriority=\"high\" decoding=\"async\" width=\"1638\" height=\"2048\" src=\"https:\/\/vinesresortandspa.com\/wp-content\/uploads\/2025\/12\/The-Vines-Resort-and-Spa-Refugio-1_resultado.webp\" class=\"attachment-full size-full wp-image-1498\" alt=\"\" srcset=\"https:\/\/vinesresortandspa.com\/wp-content\/uploads\/2025\/12\/The-Vines-Resort-and-Spa-Refugio-1_resultado.webp 1638w, https:\/\/vinesresortandspa.com\/wp-content\/uploads\/2025\/12\/The-Vines-Resort-and-Spa-Refugio-1_resultado-240x300.webp 240w, https:\/\/vinesresortandspa.com\/wp-content\/uploads\/2025\/12\/The-Vines-Resort-and-Spa-Refugio-1_resultado-819x1024.webp 819w, https:\/\/vinesresortandspa.com\/wp-content\/uploads\/2025\/12\/The-Vines-Resort-and-Spa-Refugio-1_resultado-768x960.webp 768w, https:\/\/vinesresortandspa.com\/wp-content\/uploads\/2025\/12\/The-Vines-Resort-and-Spa-Refugio-1_resultado-1229x1536.webp 1229w\" sizes=\"(max-width: 1638px) 100vw, 1638px\" \/>\t\t\t\t\t\t\t\t\t\t\t\t\t\t\t<\/div>\n\t\t\t\t<\/div>\n\t\t<div class=\"elementor-element elementor-element-0f3658f e-con-full e-flex e-con e-child\" data-id=\"0f3658f\" data-element_type=\"container\" data-e-type=\"container\">\n\t\t\t\t<div class=\"elementor-element elementor-element-8a1a1e5 elementor-widget elementor-widget-image\" data-id=\"8a1a1e5\" data-element_type=\"widget\" data-e-type=\"widget\" data-widget_type=\"image.default\">\n\t\t\t\t\t\t\t\t\t\t\t\t\t\t\t<img decoding=\"async\" width=\"1638\" height=\"2048\" src=\"https:\/\/vinesresortandspa.com\/wp-content\/uploads\/2025\/12\/The-Vines-Resort-and-Spa-Refugio-2_resultado.webp\" class=\"attachment-full size-full wp-image-1499\" alt=\"\" srcset=\"https:\/\/vinesresortandspa.com\/wp-content\/uploads\/2025\/12\/The-Vines-Resort-and-Spa-Refugio-2_resultado.webp 1638w, https:\/\/vinesresortandspa.com\/wp-content\/uploads\/2025\/12\/The-Vines-Resort-and-Spa-Refugio-2_resultado-240x300.webp 240w, https:\/\/vinesresortandspa.com\/wp-content\/uploads\/2025\/12\/The-Vines-Resort-and-Spa-Refugio-2_resultado-819x1024.webp 819w, https:\/\/vinesresortandspa.com\/wp-content\/uploads\/2025\/12\/The-Vines-Resort-and-Spa-Refugio-2_resultado-768x960.webp 768w, https:\/\/vinesresortandspa.com\/wp-content\/uploads\/2025\/12\/The-Vines-Resort-and-Spa-Refugio-2_resultado-1229x1536.webp 1229w\" sizes=\"(max-width: 1638px) 100vw, 1638px\" \/>\t\t\t\t\t\t\t\t\t\t\t\t\t\t\t<\/div>\n\t\t\t\t<\/div>\n\t\t<div class=\"elementor-element elementor-element-6d65b61 e-con-full e-flex e-con e-child\" data-id=\"6d65b61\" data-element_type=\"container\" data-e-type=\"container\">\n\t\t\t\t<div class=\"elementor-element elementor-element-730c94d elementor-widget elementor-widget-image\" data-id=\"730c94d\" data-element_type=\"widget\" data-e-type=\"widget\" data-widget_type=\"image.default\">\n\t\t\t\t\t\t\t\t\t\t\t\t\t\t\t<img decoding=\"async\" width=\"1536\" height=\"2048\" src=\"https:\/\/vinesresortandspa.com\/wp-content\/uploads\/2025\/12\/The-Vines-Resort-and-Spa-Refugio-3_resultado.webp\" class=\"attachment-full size-full wp-image-1500\" alt=\"\" srcset=\"https:\/\/vinesresortandspa.com\/wp-content\/uploads\/2025\/12\/The-Vines-Resort-and-Spa-Refugio-3_resultado.webp 1536w, https:\/\/vinesresortandspa.com\/wp-content\/uploads\/2025\/12\/The-Vines-Resort-and-Spa-Refugio-3_resultado-225x300.webp 225w, https:\/\/vinesresortandspa.com\/wp-content\/uploads\/2025\/12\/The-Vines-Resort-and-Spa-Refugio-3_resultado-768x1024.webp 768w, https:\/\/vinesresortandspa.com\/wp-content\/uploads\/2025\/12\/The-Vines-Resort-and-Spa-Refugio-3_resultado-1152x1536.webp 1152w\" sizes=\"(max-width: 1536px) 100vw, 1536px\" \/>\t\t\t\t\t\t\t\t\t\t\t\t\t\t\t<\/div>\n\t\t\t\t<\/div>\n\t\t\t\t<\/div>\n\t\t\t\t\t<\/div>\n\t\t\t\t<\/div>\n\t\t\t\t<\/div>\n\t\t<div class=\"elementor-element elementor-element-3c433e4 e-con-full e-flex e-con e-parent\" data-id=\"3c433e4\" data-element_type=\"container\" data-e-type=\"container\">\n\t\t<div class=\"elementor-element elementor-element-0e6ccb4 e-flex e-con-boxed e-con e-child\" data-id=\"0e6ccb4\" data-element_type=\"container\" data-e-type=\"container\">\n\t\t\t\t\t<div class=\"e-con-inner\">\n\t\t\t\t<div class=\"elementor-element elementor-element-89d6352 elementor-widget elementor-widget-heading\" data-id=\"89d6352\" data-element_type=\"widget\" data-e-type=\"widget\" data-widget_type=\"heading.default\">\n\t\t\t\t\t<h1 class=\"elementor-heading-title elementor-size-default\">Escola de Of\u00edcios<\/h1>\t\t\t\t<\/div>\n\t\t\t\t<div class=\"elementor-element elementor-element-75f466e elementor-widget-divider--view-line elementor-widget elementor-widget-divider\" data-id=\"75f466e\" data-element_type=\"widget\" data-e-type=\"widget\" data-widget_type=\"divider.default\">\n\t\t\t\t\t\t\t<div class=\"elementor-divider\">\n\t\t\t<span class=\"elementor-divider-separator\">\n\t\t\t\t\t\t<\/span>\n\t\t<\/div>\n\t\t\t\t\t\t<\/div>\n\t\t\t\t<div class=\"elementor-element elementor-element-290a7c3 elementor-widget elementor-widget-text-editor\" data-id=\"290a7c3\" data-element_type=\"widget\" data-e-type=\"widget\" data-widget_type=\"text-editor.default\">\n\t\t\t\t\t\t\t\t\t<p>A Funda\u00e7\u00e3o criou uma escola t\u00e9cnica e de carreira em Tunuy\u00e1n para gerar oportunidades de emprego de longo prazo para jovens. Esta iniciativa n\u00e3o s\u00f3 oferece habilidades e recursos valiosos, mas tamb\u00e9m abre caminho para futuros est\u00e1gios e oportunidades profissionais dentro do resort.<\/p>\t\t\t\t\t\t\t\t<\/div>\n\t\t<div class=\"elementor-element elementor-element-be69324 e-con-full e-flex e-con e-child\" data-id=\"be69324\" data-element_type=\"container\" data-e-type=\"container\">\n\t\t<div class=\"elementor-element elementor-element-2e5b806 e-con-full e-flex e-con e-child\" data-id=\"2e5b806\" data-element_type=\"container\" data-e-type=\"container\">\n\t\t\t\t<div class=\"elementor-element elementor-element-2bbfad7 elementor-widget elementor-widget-image\" data-id=\"2bbfad7\" data-element_type=\"widget\" data-e-type=\"widget\" data-widget_type=\"image.default\">\n\t\t\t\t\t\t\t\t\t\t\t\t\t\t\t<img loading=\"lazy\" decoding=\"async\" width=\"2560\" height=\"1706\" src=\"https:\/\/vinesresortandspa.com\/wp-content\/uploads\/2025\/12\/THE-VINES-FOUNDATION-UNIVERSITY-OF-NOTRE-DAME-5-Gallery-scaled-1.webp\" class=\"attachment-full size-full wp-image-1521\" alt=\"\" srcset=\"https:\/\/vinesresortandspa.com\/wp-content\/uploads\/2025\/12\/THE-VINES-FOUNDATION-UNIVERSITY-OF-NOTRE-DAME-5-Gallery-scaled-1.webp 2560w, https:\/\/vinesresortandspa.com\/wp-content\/uploads\/2025\/12\/THE-VINES-FOUNDATION-UNIVERSITY-OF-NOTRE-DAME-5-Gallery-scaled-1-300x200.webp 300w, https:\/\/vinesresortandspa.com\/wp-content\/uploads\/2025\/12\/THE-VINES-FOUNDATION-UNIVERSITY-OF-NOTRE-DAME-5-Gallery-scaled-1-1024x682.webp 1024w, https:\/\/vinesresortandspa.com\/wp-content\/uploads\/2025\/12\/THE-VINES-FOUNDATION-UNIVERSITY-OF-NOTRE-DAME-5-Gallery-scaled-1-768x512.webp 768w, https:\/\/vinesresortandspa.com\/wp-content\/uploads\/2025\/12\/THE-VINES-FOUNDATION-UNIVERSITY-OF-NOTRE-DAME-5-Gallery-scaled-1-1536x1024.webp 1536w, https:\/\/vinesresortandspa.com\/wp-content\/uploads\/2025\/12\/THE-VINES-FOUNDATION-UNIVERSITY-OF-NOTRE-DAME-5-Gallery-scaled-1-2048x1365.webp 2048w\" sizes=\"(max-width: 2560px) 100vw, 2560px\" \/>\t\t\t\t\t\t\t\t\t\t\t\t\t\t\t<\/div>\n\t\t\t\t<\/div>\n\t\t<div class=\"elementor-element elementor-element-50d7aca e-con-full e-flex e-con e-child\" data-id=\"50d7aca\" data-element_type=\"container\" data-e-type=\"container\">\n\t\t\t\t<div class=\"elementor-element elementor-element-273982b elementor-widget elementor-widget-image\" data-id=\"273982b\" data-element_type=\"widget\" data-e-type=\"widget\" data-widget_type=\"image.default\">\n\t\t\t\t\t\t\t\t\t\t\t\t\t\t\t<img loading=\"lazy\" decoding=\"async\" width=\"2362\" height=\"1575\" src=\"https:\/\/vinesresortandspa.com\/wp-content\/uploads\/2025\/12\/THE-VINES-FOUNDATION-COMMUNITY-KITCHENS-gallery-2.webp\" class=\"attachment-full size-full wp-image-1520\" alt=\"\" srcset=\"https:\/\/vinesresortandspa.com\/wp-content\/uploads\/2025\/12\/THE-VINES-FOUNDATION-COMMUNITY-KITCHENS-gallery-2.webp 2362w, https:\/\/vinesresortandspa.com\/wp-content\/uploads\/2025\/12\/THE-VINES-FOUNDATION-COMMUNITY-KITCHENS-gallery-2-300x200.webp 300w, https:\/\/vinesresortandspa.com\/wp-content\/uploads\/2025\/12\/THE-VINES-FOUNDATION-COMMUNITY-KITCHENS-gallery-2-1024x683.webp 1024w, https:\/\/vinesresortandspa.com\/wp-content\/uploads\/2025\/12\/THE-VINES-FOUNDATION-COMMUNITY-KITCHENS-gallery-2-768x512.webp 768w, https:\/\/vinesresortandspa.com\/wp-content\/uploads\/2025\/12\/THE-VINES-FOUNDATION-COMMUNITY-KITCHENS-gallery-2-1536x1024.webp 1536w, https:\/\/vinesresortandspa.com\/wp-content\/uploads\/2025\/12\/THE-VINES-FOUNDATION-COMMUNITY-KITCHENS-gallery-2-2048x1366.webp 2048w\" sizes=\"(max-width: 2362px) 100vw, 2362px\" \/>\t\t\t\t\t\t\t\t\t\t\t\t\t\t\t<\/div>\n\t\t\t\t<\/div>\n\t\t<div class=\"elementor-element elementor-element-e8ae233 e-con-full e-flex e-con e-child\" data-id=\"e8ae233\" data-element_type=\"container\" data-e-type=\"container\">\n\t\t\t\t<div class=\"elementor-element elementor-element-314497f elementor-widget elementor-widget-image\" data-id=\"314497f\" data-element_type=\"widget\" data-e-type=\"widget\" data-widget_type=\"image.default\">\n\t\t\t\t\t\t\t\t\t\t\t\t\t\t\t<img loading=\"lazy\" decoding=\"async\" width=\"2044\" height=\"2044\" src=\"https:\/\/vinesresortandspa.com\/wp-content\/uploads\/2025\/12\/Mobile-Veterinary-Gallery-3.webp\" class=\"attachment-full size-full wp-image-1519\" alt=\"\" srcset=\"https:\/\/vinesresortandspa.com\/wp-content\/uploads\/2025\/12\/Mobile-Veterinary-Gallery-3.webp 2044w, https:\/\/vinesresortandspa.com\/wp-content\/uploads\/2025\/12\/Mobile-Veterinary-Gallery-3-300x300.webp 300w, https:\/\/vinesresortandspa.com\/wp-content\/uploads\/2025\/12\/Mobile-Veterinary-Gallery-3-1024x1024.webp 1024w, https:\/\/vinesresortandspa.com\/wp-content\/uploads\/2025\/12\/Mobile-Veterinary-Gallery-3-150x150.webp 150w, https:\/\/vinesresortandspa.com\/wp-content\/uploads\/2025\/12\/Mobile-Veterinary-Gallery-3-768x768.webp 768w, https:\/\/vinesresortandspa.com\/wp-content\/uploads\/2025\/12\/Mobile-Veterinary-Gallery-3-1536x1536.webp 1536w\" sizes=\"(max-width: 2044px) 100vw, 2044px\" \/>\t\t\t\t\t\t\t\t\t\t\t\t\t\t\t<\/div>\n\t\t\t\t<\/div>\n\t\t\t\t<\/div>\n\t\t\t\t<div class=\"elementor-element elementor-element-431c785 elementor-align-center elementor-widget elementor-widget-button\" data-id=\"431c785\" data-element_type=\"widget\" data-e-type=\"widget\" data-widget_type=\"button.default\">\n\t\t\t\t\t\t\t\t\t\t<a class=\"elementor-button elementor-button-link elementor-size-sm elementor-animation-grow\" href=\"https:\/\/vinesfoundation.org\/\" target=\"_blank\">\n\t\t\t\t\t\t<span class=\"elementor-button-content-wrapper\">\n\t\t\t\t\t\t\t\t\t<span class=\"elementor-button-text\">VISITE A FUNDA\u00c7\u00c3O VINES<\/span>\n\t\t\t\t\t<\/span>\n\t\t\t\t\t<\/a>\n\t\t\t\t\t\t\t\t<\/div>\n\t\t\t\t\t<\/div>\n\t\t\t\t<\/div>\n\t\t\t\t<\/div>\n\t\t\t\t<\/div>","protected":false},"excerpt":{"rendered":"<p>Community The Vines Foundation, in partnership with The Vines Resort &amp; Spa, is dedicated to driving positive change and advancing [&hellip;]<\/p>\n","protected":false},"author":1,"featured_media":0,"parent":0,"menu_order":0,"comment_status":"closed","ping_status":"closed","template":"","meta":{"_acf_changed":false,"_uag_custom_page_level_css":"","site-sidebar-layout":"no-sidebar","site-content-layout":"","ast-site-content-layout":"full-width-container","site-content-style":"default","site-sidebar-style":"default","ast-global-header-display":"","ast-banner-title-visibility":"","ast-main-header-display":"","ast-hfb-above-header-display":"","ast-hfb-below-header-display":"","ast-hfb-mobile-header-display":"","site-post-title":"disabled","ast-breadcrumbs-content":"","ast-featured-img":"disabled","footer-sml-layout":"","ast-disable-related-posts":"","theme-transparent-header-meta":"","adv-header-id-meta":"","stick-header-meta":"","header-above-stick-meta":"","header-main-stick-meta":"","header-below-stick-meta":"","astra-migrate-meta-layouts":"default","ast-page-background-enabled":"default","ast-page-background-meta":{"desktop":{"background-color":"var(--ast-global-color-5)","background-image":"","background-repeat":"repeat","background-position":"center center","background-size":"auto","background-attachment":"scroll","background-type":"","background-media":"","overlay-type":"","overlay-color":"","overlay-opacity":"","overlay-gradient":""},"tablet":{"background-color":"","background-image":"","background-repeat":"repeat","background-position":"center center","background-size":"auto","background-attachment":"scroll","background-type":"","background-media":"","overlay-type":"","overlay-color":"","overlay-opacity":"","overlay-gradient":""},"mobile":{"background-color":"","background-image":"","background-repeat":"repeat","background-position":"center center","background-size":"auto","background-attachment":"scroll","background-type":"","background-media":"","overlay-type":"","overlay-color":"","overlay-opacity":"","overlay-gradient":""}},"ast-content-background-meta":{"desktop":{"background-color":"var(--ast-global-color-4)","background-image":"","background-repeat":"repeat","background-position":"center center","background-size":"auto","background-attachment":"scroll","background-type":"","background-media":"","overlay-type":"","overlay-color":"","overlay-opacity":"","overlay-gradient":""},"tablet":{"background-color":"var(--ast-global-color-4)","background-image":"","background-repeat":"repeat","background-position":"center center","background-size":"auto","background-attachment":"scroll","background-type":"","background-media":"","overlay-type":"","overlay-color":"","overlay-opacity":"","overlay-gradient":""},"mobile":{"background-color":"var(--ast-global-color-4)","background-image":"","background-repeat":"repeat","background-position":"center center","background-size":"auto","background-attachment":"scroll","background-type":"","background-media":"","overlay-type":"","overlay-color":"","overlay-opacity":"","overlay-gradient":""}},"_joinchat":[],"footnotes":""},"class_list":["post-27","page","type-page","status-publish","hentry"],"acf":[],"uagb_featured_image_src":{"full":false,"thumbnail":false,"medium":false,"medium_large":false,"large":false,"1536x1536":false,"2048x2048":false,"trp-custom-language-flag":false},"uagb_author_info":{"display_name":"laboratoriositio-admin","author_link":"https:\/\/vinesresortandspa.com\/pt\/author\/laboratoriositio-admin\/"},"uagb_comment_info":0,"uagb_excerpt":"Community The Vines Foundation, in partnership with The Vines Resort &amp; Spa, is dedicated to driving positive change and advancing [&hellip;]","_links":{"self":[{"href":"https:\/\/vinesresortandspa.com\/pt\/wp-json\/wp\/v2\/pages\/27","targetHints":{"allow":["GET"]}}],"collection":[{"href":"https:\/\/vinesresortandspa.com\/pt\/wp-json\/wp\/v2\/pages"}],"about":[{"href":"https:\/\/vinesresortandspa.com\/pt\/wp-json\/wp\/v2\/types\/page"}],"author":[{"embeddable":true,"href":"https:\/\/vinesresortandspa.com\/pt\/wp-json\/wp\/v2\/users\/1"}],"replies":[{"embeddable":true,"href":"https:\/\/vinesresortandspa.com\/pt\/wp-json\/wp\/v2\/comments?post=27"}],"version-history":[{"count":85,"href":"https:\/\/vinesresortandspa.com\/pt\/wp-json\/wp\/v2\/pages\/27\/revisions"}],"predecessor-version":[{"id":157878,"href":"https:\/\/vinesresortandspa.com\/pt\/wp-json\/wp\/v2\/pages\/27\/revisions\/157878"}],"wp:attachment":[{"href":"https:\/\/vinesresortandspa.com\/pt\/wp-json\/wp\/v2\/media?parent=27"}],"curies":[{"name":"wp","href":"https:\/\/api.w.org\/{rel}","templated":true}]}}