{"id":21,"date":"2025-11-19T17:37:20","date_gmt":"2025-11-19T16:37:20","guid":{"rendered":"https:\/\/laboratoriositioweb.com.ar\/?page_id=21"},"modified":"2026-03-11T16:15:22","modified_gmt":"2026-03-11T15:15:22","slug":"spa-wellness","status":"publish","type":"page","link":"https:\/\/vinesresortandspa.com\/es\/spa-wellness\/","title":{"rendered":"Spa y Bienestar"},"content":{"rendered":"<div data-elementor-type=\"wp-page\" data-elementor-id=\"21\" class=\"elementor elementor-21\" data-elementor-post-type=\"page\">\n\t\t\t\t<div class=\"elementor-element elementor-element-704dcb0 e-con-full e-flex e-con e-parent\" data-id=\"704dcb0\" data-element_type=\"container\" data-e-type=\"container\" data-settings=\"{&quot;background_background&quot;:&quot;classic&quot;}\">\n\t\t\t\t<\/div>\n\t\t<div class=\"elementor-element elementor-element-72ed1fa e-con-full e-flex e-con e-parent\" data-id=\"72ed1fa\" data-element_type=\"container\" data-e-type=\"container\">\n\t\t<div class=\"elementor-element elementor-element-0e04e85 e-flex e-con-boxed e-con e-child\" data-id=\"0e04e85\" data-element_type=\"container\" data-e-type=\"container\">\n\t\t\t\t\t<div class=\"e-con-inner\">\n\t\t\t\t<div class=\"elementor-element elementor-element-2309125 elementor-widget elementor-widget-heading\" data-id=\"2309125\" data-element_type=\"widget\" data-e-type=\"widget\" data-widget_type=\"heading.default\">\n\t\t\t\t\t<h3 class=\"elementor-heading-title elementor-size-default\">SPA Y BIENESTAR<\/h3>\t\t\t\t<\/div>\n\t\t\t\t<div class=\"elementor-element elementor-element-86ad39f elementor-widget elementor-widget-heading\" data-id=\"86ad39f\" data-element_type=\"widget\" data-e-type=\"widget\" data-widget_type=\"heading.default\">\n\t\t\t\t\t<h1 class=\"elementor-heading-title elementor-size-default\">Una invitaci\u00f3n para entrar a un mundo donde la relajaci\u00f3n se une a la belleza natural<\/h1>\t\t\t\t<\/div>\n\t\t\t\t<div class=\"elementor-element elementor-element-88632a0 elementor-widget-divider--view-line elementor-widget elementor-widget-divider\" data-id=\"88632a0\" data-element_type=\"widget\" data-e-type=\"widget\" data-widget_type=\"divider.default\">\n\t\t\t\t\t\t\t<div class=\"elementor-divider\">\n\t\t\t<span class=\"elementor-divider-separator\">\n\t\t\t\t\t\t<\/span>\n\t\t<\/div>\n\t\t\t\t\t\t<\/div>\n\t\t\t\t<div class=\"elementor-element elementor-element-5e10592 elementor-widget elementor-widget-text-editor\" data-id=\"5e10592\" data-element_type=\"widget\" data-e-type=\"widget\" data-widget_type=\"text-editor.default\">\n\t\t\t\t\t\t\t\t\t<p>Tratamientos dise\u00f1ados para promover la salud y cultivar la armon\u00eda interior. Un viaje que restaura el equilibrio mental y f\u00edsico con terapias aut\u00e9nticamente sanadoras y personalizadas seg\u00fan los objetivos de cada persona. La posibilidad de renovarse para sentir una profunda revitalizaci\u00f3n, ya sea con una pausa de un d\u00eda o una estancia prolongada en alojamientos elegantes que son como una constante bienvenida.<\/p>\t\t\t\t\t\t\t\t<\/div>\n\t\t\t\t<div class=\"elementor-element elementor-element-e9724b0 elementor-align-center elementor-widget elementor-widget-button\" data-id=\"e9724b0\" data-element_type=\"widget\" data-e-type=\"widget\" data-widget_type=\"button.default\">\n\t\t\t\t\t\t\t\t\t\t<a class=\"elementor-button elementor-button-link elementor-size-sm elementor-animation-grow\" href=\"https:\/\/vinesresortandspa.com\/es\/spa-treatments\/\">\n\t\t\t\t\t\t<span class=\"elementor-button-content-wrapper\">\n\t\t\t\t\t\t\t\t\t<span class=\"elementor-button-text\">VER TRATAMIENTOS<\/span>\n\t\t\t\t\t<\/span>\n\t\t\t\t\t<\/a>\n\t\t\t\t\t\t\t\t<\/div>\n\t\t\t\t\t<\/div>\n\t\t\t\t<\/div>\n\t\t\t\t<\/div>\n\t\t<div class=\"elementor-element elementor-element-e0566cf e-flex e-con-boxed e-con e-parent\" data-id=\"e0566cf\" data-element_type=\"container\" data-e-type=\"container\">\n\t\t\t\t\t<div class=\"e-con-inner\">\n\t\t<div class=\"elementor-element elementor-element-1e5586e e-con-full e-flex e-con e-child\" data-id=\"1e5586e\" data-element_type=\"container\" data-e-type=\"container\">\n\t\t\t\t<div class=\"elementor-element elementor-element-c521e87 elementor-widget elementor-widget-image\" data-id=\"c521e87\" data-element_type=\"widget\" data-e-type=\"widget\" data-widget_type=\"image.default\">\n\t\t\t\t\t\t\t\t\t\t\t\t\t\t\t<img fetchpriority=\"high\" decoding=\"async\" width=\"2560\" height=\"1709\" src=\"https:\/\/vinesresortandspa.com\/wp-content\/uploads\/2025\/12\/The-Vines-Resort-and-Spa-HEALTH-RETREATS_resultado.webp\" class=\"attachment-full size-full wp-image-989\" alt=\"\" srcset=\"https:\/\/vinesresortandspa.com\/wp-content\/uploads\/2025\/12\/The-Vines-Resort-and-Spa-HEALTH-RETREATS_resultado.webp 2560w, https:\/\/vinesresortandspa.com\/wp-content\/uploads\/2025\/12\/The-Vines-Resort-and-Spa-HEALTH-RETREATS_resultado-300x200.webp 300w, https:\/\/vinesresortandspa.com\/wp-content\/uploads\/2025\/12\/The-Vines-Resort-and-Spa-HEALTH-RETREATS_resultado-1024x684.webp 1024w, https:\/\/vinesresortandspa.com\/wp-content\/uploads\/2025\/12\/The-Vines-Resort-and-Spa-HEALTH-RETREATS_resultado-768x513.webp 768w, https:\/\/vinesresortandspa.com\/wp-content\/uploads\/2025\/12\/The-Vines-Resort-and-Spa-HEALTH-RETREATS_resultado-1536x1025.webp 1536w, https:\/\/vinesresortandspa.com\/wp-content\/uploads\/2025\/12\/The-Vines-Resort-and-Spa-HEALTH-RETREATS_resultado-2048x1367.webp 2048w\" sizes=\"(max-width: 2560px) 100vw, 2560px\" \/>\t\t\t\t\t\t\t\t\t\t\t\t\t\t\t<\/div>\n\t\t\t\t<\/div>\n\t\t<div class=\"elementor-element elementor-element-cdb63c2 e-con-full e-flex e-con e-child\" data-id=\"cdb63c2\" data-element_type=\"container\" data-e-type=\"container\">\n\t\t\t\t<div class=\"elementor-element elementor-element-9a129d2 elementor-widget elementor-widget-heading\" data-id=\"9a129d2\" data-element_type=\"widget\" data-e-type=\"widget\" data-widget_type=\"heading.default\">\n\t\t\t\t\t<h2 class=\"elementor-heading-title elementor-size-default\">RETIROS DE BIENESTAR<\/h2>\t\t\t\t<\/div>\n\t\t\t\t<div class=\"elementor-element elementor-element-6b7c947 elementor-widget elementor-widget-heading\" data-id=\"6b7c947\" data-element_type=\"widget\" data-e-type=\"widget\" data-widget_type=\"heading.default\">\n\t\t\t\t\t<h2 class=\"elementor-heading-title elementor-size-default\">Experiencias para un bienestar integral\n<\/h2>\t\t\t\t<\/div>\n\t\t\t\t<div class=\"elementor-element elementor-element-a42ccca elementor-widget elementor-widget-text-editor\" data-id=\"a42ccca\" data-element_type=\"widget\" data-e-type=\"widget\" data-widget_type=\"text-editor.default\">\n\t\t\t\t\t\t\t\t\t<p>Tratamientos dise\u00f1ados para promover la salud y cultivar la armon\u00eda interior. Un viaje que restaura el equilibrio mental y f\u00edsico con terapias aut\u00e9nticamente sanadoras y personalizadas seg\u00fan los objetivos de cada persona. La posibilidad de renovarse para sentir una profunda revitalizaci\u00f3n, ya sea con una pausa de un d\u00eda o una estancia prolongada en alojamientos elegantes que son como una constante bienvenida.<\/p>\t\t\t\t\t\t\t\t<\/div>\n\t\t\t\t<\/div>\n\t\t\t\t\t<\/div>\n\t\t\t\t<\/div>\n\t\t<div class=\"elementor-element elementor-element-44c66d1 e-flex e-con-boxed e-con e-parent\" data-id=\"44c66d1\" data-element_type=\"container\" data-e-type=\"container\">\n\t\t\t\t\t<div class=\"e-con-inner\">\n\t\t<div class=\"elementor-element elementor-element-a54df20 e-con-full e-flex e-con e-child\" data-id=\"a54df20\" data-element_type=\"container\" data-e-type=\"container\">\n\t\t\t\t<div class=\"elementor-element elementor-element-6bb83d1 elementor-widget elementor-widget-heading\" data-id=\"6bb83d1\" data-element_type=\"widget\" data-e-type=\"widget\" data-widget_type=\"heading.default\">\n\t\t\t\t\t<h2 class=\"elementor-heading-title elementor-size-default\">FITNESS Y SALUD<\/h2>\t\t\t\t<\/div>\n\t\t\t\t<div class=\"elementor-element elementor-element-c7e8e4e elementor-widget elementor-widget-heading\" data-id=\"c7e8e4e\" data-element_type=\"widget\" data-e-type=\"widget\" data-widget_type=\"heading.default\">\n\t\t\t\t\t<h2 class=\"elementor-heading-title elementor-size-default\">Gimnasio con vista a los Vi\u00f1edos<\/h2>\t\t\t\t<\/div>\n\t\t\t\t<div class=\"elementor-element elementor-element-0fbeaf7 elementor-widget elementor-widget-text-editor\" data-id=\"0fbeaf7\" data-element_type=\"widget\" data-e-type=\"widget\" data-widget_type=\"text-editor.default\">\n\t\t\t\t\t\t\t\t\t<p>Un espacio fitness todo vidriado para disfrutar de un entrenamiento f\u00edsico con vista a los vi\u00f1edos y a los majestuosos Andes. Nuestro gimnasio est\u00e1 equipado con m\u00e1quinas de \u00faltima generaci\u00f3n, cintas de correr y pesas libres.<\/p>\t\t\t\t\t\t\t\t<\/div>\n\t\t\t\t<\/div>\n\t\t<div class=\"elementor-element elementor-element-ac23a51 e-con-full e-flex e-con e-child\" data-id=\"ac23a51\" data-element_type=\"container\" data-e-type=\"container\" data-settings=\"{&quot;background_background&quot;:&quot;video&quot;,&quot;background_video_link&quot;:&quot;https:\\\/\\\/vinesresortandspa.com\\\/wp-content\\\/uploads\\\/2025\\\/12\\\/The-Vines-Resort-and-Spa-Spa-and-Wellness-gym.mp4&quot;,&quot;background_play_on_mobile&quot;:&quot;yes&quot;}\">\n\t\t<div class=\"elementor-background-video-container\">\n\t\t\t\t\t\t\t<video class=\"elementor-background-video-hosted\" role=\"presentation\" autoplay muted playsinline loop><\/video>\n\t\t\t\t\t<\/div>\t\t<div class=\"elementor-element elementor-element-e9b27cd elementor-widget elementor-widget-spacer\" data-id=\"e9b27cd\" data-element_type=\"widget\" data-e-type=\"widget\" data-widget_type=\"spacer.default\">\n\t\t\t\t\t\t\t<div class=\"elementor-spacer\">\n\t\t\t<div class=\"elementor-spacer-inner\"><\/div>\n\t\t<\/div>\n\t\t\t\t\t\t<\/div>\n\t\t\t\t<\/div>\n\t\t\t\t\t<\/div>\n\t\t\t\t<\/div>\n\t\t<div class=\"elementor-element elementor-element-043b20a e-flex e-con-boxed e-con e-parent\" data-id=\"043b20a\" data-element_type=\"container\" data-e-type=\"container\">\n\t\t\t\t\t<div class=\"e-con-inner\">\n\t\t<div class=\"elementor-element elementor-element-cbb0271 e-con-full e-flex e-con e-child\" data-id=\"cbb0271\" data-element_type=\"container\" data-e-type=\"container\">\n\t\t\t\t<div class=\"elementor-element elementor-element-5559a93 elementor-widget elementor-widget-image\" data-id=\"5559a93\" data-element_type=\"widget\" data-e-type=\"widget\" data-widget_type=\"image.default\">\n\t\t\t\t\t\t\t\t\t\t\t\t\t\t\t<img decoding=\"async\" width=\"2560\" height=\"1707\" src=\"https:\/\/vinesresortandspa.com\/wp-content\/uploads\/2025\/12\/The-Vines-Resort-and-Spa-OUTDOOR-POOL-JACUZZI_resultado.webp\" class=\"attachment-full size-full wp-image-1001\" alt=\"\" srcset=\"https:\/\/vinesresortandspa.com\/wp-content\/uploads\/2025\/12\/The-Vines-Resort-and-Spa-OUTDOOR-POOL-JACUZZI_resultado.webp 2560w, https:\/\/vinesresortandspa.com\/wp-content\/uploads\/2025\/12\/The-Vines-Resort-and-Spa-OUTDOOR-POOL-JACUZZI_resultado-300x200.webp 300w, https:\/\/vinesresortandspa.com\/wp-content\/uploads\/2025\/12\/The-Vines-Resort-and-Spa-OUTDOOR-POOL-JACUZZI_resultado-1024x683.webp 1024w, https:\/\/vinesresortandspa.com\/wp-content\/uploads\/2025\/12\/The-Vines-Resort-and-Spa-OUTDOOR-POOL-JACUZZI_resultado-768x512.webp 768w, https:\/\/vinesresortandspa.com\/wp-content\/uploads\/2025\/12\/The-Vines-Resort-and-Spa-OUTDOOR-POOL-JACUZZI_resultado-1536x1024.webp 1536w, https:\/\/vinesresortandspa.com\/wp-content\/uploads\/2025\/12\/The-Vines-Resort-and-Spa-OUTDOOR-POOL-JACUZZI_resultado-2048x1366.webp 2048w\" sizes=\"(max-width: 2560px) 100vw, 2560px\" \/>\t\t\t\t\t\t\t\t\t\t\t\t\t\t\t<\/div>\n\t\t\t\t<\/div>\n\t\t<div class=\"elementor-element elementor-element-91dd141 e-con-full e-flex e-con e-child\" data-id=\"91dd141\" data-element_type=\"container\" data-e-type=\"container\">\n\t\t\t\t<div class=\"elementor-element elementor-element-8855f29 elementor-widget elementor-widget-heading\" data-id=\"8855f29\" data-element_type=\"widget\" data-e-type=\"widget\" data-widget_type=\"heading.default\">\n\t\t\t\t\t<h2 class=\"elementor-heading-title elementor-size-default\">PISCINA AL AIRE LIBRE Y JACUZZI<\/h2>\t\t\t\t<\/div>\n\t\t\t\t<div class=\"elementor-element elementor-element-73ea74d elementor-widget elementor-widget-heading\" data-id=\"73ea74d\" data-element_type=\"widget\" data-e-type=\"widget\" data-widget_type=\"heading.default\">\n\t\t\t\t\t<h2 class=\"elementor-heading-title elementor-size-default\">Una piscina con vista espectacular<\/h2>\t\t\t\t<\/div>\n\t\t\t\t<div class=\"elementor-element elementor-element-0d4825e elementor-widget elementor-widget-text-editor\" data-id=\"0d4825e\" data-element_type=\"widget\" data-e-type=\"widget\" data-widget_type=\"text-editor.default\">\n\t\t\t\t\t\t\t\t\t<p>La tranquilidad de nuestra piscina, situada entre vi\u00f1edos, con vista impactante hacia los Andes deja en todos los visitantes un recuerdo imborrable. La magia de los atardeceres, donde el cielo se ti\u00f1e de rojos y violetas, reconforta el alma mientras se disfruta de una copa del mejor Malbec del mundo.<\/p>\t\t\t\t\t\t\t\t<\/div>\n\t\t\t\t<\/div>\n\t\t\t\t\t<\/div>\n\t\t\t\t<\/div>\n\t\t<div class=\"elementor-element elementor-element-c0c28d7 e-flex e-con-boxed e-con e-parent\" data-id=\"c0c28d7\" data-element_type=\"container\" data-e-type=\"container\">\n\t\t\t\t\t<div class=\"e-con-inner\">\n\t\t<div class=\"elementor-element elementor-element-4466bf2 e-con-full e-flex e-con e-child\" data-id=\"4466bf2\" data-element_type=\"container\" data-e-type=\"container\">\n\t\t\t\t<div class=\"elementor-element elementor-element-e4cadac elementor-widget elementor-widget-heading\" data-id=\"e4cadac\" data-element_type=\"widget\" data-e-type=\"widget\" data-widget_type=\"heading.default\">\n\t\t\t\t\t<h2 class=\"elementor-heading-title elementor-size-default\">RESPIRAR NATURALEZA<\/h2>\t\t\t\t<\/div>\n\t\t\t\t<div class=\"elementor-element elementor-element-be65303 elementor-widget elementor-widget-heading\" data-id=\"be65303\" data-element_type=\"widget\" data-e-type=\"widget\" data-widget_type=\"heading.default\">\n\t\t\t\t\t<h2 class=\"elementor-heading-title elementor-size-default\">Yoga al pie de los Andes<\/h2>\t\t\t\t<\/div>\n\t\t\t\t<div class=\"elementor-element elementor-element-88daefa elementor-widget elementor-widget-text-editor\" data-id=\"88daefa\" data-element_type=\"widget\" data-e-type=\"widget\" data-widget_type=\"text-editor.default\">\n\t\t\t\t\t\t\t\t\t<p>Invitamos a conectar con la naturaleza a trav\u00e9s de nuestras clases de yoga, respirando el aire m\u00e1s puro que revitaliza, con la poderosa energ\u00eda que emana de nuestro para\u00edso en el Valle de Uco.<\/p>\t\t\t\t\t\t\t\t<\/div>\n\t\t\t\t<\/div>\n\t\t<div class=\"elementor-element elementor-element-e7d88da e-con-full e-flex e-con e-child\" data-id=\"e7d88da\" data-element_type=\"container\" data-e-type=\"container\" data-settings=\"{&quot;background_background&quot;:&quot;classic&quot;}\">\n\t\t\t\t<div class=\"elementor-element elementor-element-068b8ad elementor-widget elementor-widget-spacer\" data-id=\"068b8ad\" data-element_type=\"widget\" data-e-type=\"widget\" data-widget_type=\"spacer.default\">\n\t\t\t\t\t\t\t<div class=\"elementor-spacer\">\n\t\t\t<div class=\"elementor-spacer-inner\"><\/div>\n\t\t<\/div>\n\t\t\t\t\t\t<\/div>\n\t\t\t\t<\/div>\n\t\t\t\t\t<\/div>\n\t\t\t\t<\/div>\n\t\t\t\t<\/div>","protected":false},"excerpt":{"rendered":"<p>SPA &amp; WELLNESS Immerse yourself in a world where relaxation meets raw natural beauty Welcome to a sanctuary of serenity [&hellip;]<\/p>\n","protected":false},"author":1,"featured_media":0,"parent":0,"menu_order":0,"comment_status":"closed","ping_status":"closed","template":"","meta":{"_acf_changed":false,"_uag_custom_page_level_css":"","site-sidebar-layout":"no-sidebar","site-content-layout":"","ast-site-content-layout":"full-width-container","site-content-style":"default","site-sidebar-style":"default","ast-global-header-display":"","ast-banner-title-visibility":"","ast-main-header-display":"","ast-hfb-above-header-display":"","ast-hfb-below-header-display":"","ast-hfb-mobile-header-display":"","site-post-title":"disabled","ast-breadcrumbs-content":"","ast-featured-img":"disabled","footer-sml-layout":"","ast-disable-related-posts":"","theme-transparent-header-meta":"","adv-header-id-meta":"","stick-header-meta":"","header-above-stick-meta":"","header-main-stick-meta":"","header-below-stick-meta":"","astra-migrate-meta-layouts":"default","ast-page-background-enabled":"default","ast-page-background-meta":{"desktop":{"background-color":"var(--ast-global-color-5)","background-image":"","background-repeat":"repeat","background-position":"center center","background-size":"auto","background-attachment":"scroll","background-type":"","background-media":"","overlay-type":"","overlay-color":"","overlay-opacity":"","overlay-gradient":""},"tablet":{"background-color":"","background-image":"","background-repeat":"repeat","background-position":"center center","background-size":"auto","background-attachment":"scroll","background-type":"","background-media":"","overlay-type":"","overlay-color":"","overlay-opacity":"","overlay-gradient":""},"mobile":{"background-color":"","background-image":"","background-repeat":"repeat","background-position":"center center","background-size":"auto","background-attachment":"scroll","background-type":"","background-media":"","overlay-type":"","overlay-color":"","overlay-opacity":"","overlay-gradient":""}},"ast-content-background-meta":{"desktop":{"background-color":"var(--ast-global-color-4)","background-image":"","background-repeat":"repeat","background-position":"center center","background-size":"auto","background-attachment":"scroll","background-type":"","background-media":"","overlay-type":"","overlay-color":"","overlay-opacity":"","overlay-gradient":""},"tablet":{"background-color":"var(--ast-global-color-4)","background-image":"","background-repeat":"repeat","background-position":"center center","background-size":"auto","background-attachment":"scroll","background-type":"","background-media":"","overlay-type":"","overlay-color":"","overlay-opacity":"","overlay-gradient":""},"mobile":{"background-color":"var(--ast-global-color-4)","background-image":"","background-repeat":"repeat","background-position":"center center","background-size":"auto","background-attachment":"scroll","background-type":"","background-media":"","overlay-type":"","overlay-color":"","overlay-opacity":"","overlay-gradient":""}},"_joinchat":[],"footnotes":""},"class_list":["post-21","page","type-page","status-publish","hentry"],"acf":[],"uagb_featured_image_src":{"full":false,"thumbnail":false,"medium":false,"medium_large":false,"large":false,"1536x1536":false,"2048x2048":false,"trp-custom-language-flag":false},"uagb_author_info":{"display_name":"laboratoriositio-admin","author_link":"https:\/\/vinesresortandspa.com\/es\/author\/laboratoriositio-admin\/"},"uagb_comment_info":0,"uagb_excerpt":"SPA &amp; WELLNESS Immerse yourself in a world where relaxation meets raw natural beauty Welcome to a sanctuary of serenity [&hellip;]","_links":{"self":[{"href":"https:\/\/vinesresortandspa.com\/es\/wp-json\/wp\/v2\/pages\/21","targetHints":{"allow":["GET"]}}],"collection":[{"href":"https:\/\/vinesresortandspa.com\/es\/wp-json\/wp\/v2\/pages"}],"about":[{"href":"https:\/\/vinesresortandspa.com\/es\/wp-json\/wp\/v2\/types\/page"}],"author":[{"embeddable":true,"href":"https:\/\/vinesresortandspa.com\/es\/wp-json\/wp\/v2\/users\/1"}],"replies":[{"embeddable":true,"href":"https:\/\/vinesresortandspa.com\/es\/wp-json\/wp\/v2\/comments?post=21"}],"version-history":[{"count":67,"href":"https:\/\/vinesresortandspa.com\/es\/wp-json\/wp\/v2\/pages\/21\/revisions"}],"predecessor-version":[{"id":157812,"href":"https:\/\/vinesresortandspa.com\/es\/wp-json\/wp\/v2\/pages\/21\/revisions\/157812"}],"wp:attachment":[{"href":"https:\/\/vinesresortandspa.com\/es\/wp-json\/wp\/v2\/media?parent=21"}],"curies":[{"name":"wp","href":"https:\/\/api.w.org\/{rel}","templated":true}]}}